{"id":8444,"date":"2024-11-18T18:23:54","date_gmt":"2024-11-18T18:23:54","guid":{"rendered":"https:\/\/uou.dicasdamilly.com.br\/?page_id=8444"},"modified":"2024-11-18T18:23:54","modified_gmt":"2024-11-18T18:23:54","slug":"sobre","status":"publish","type":"page","link":"https:\/\/uou.dicasdamilly.com.br\/?page_id=8444","title":{"rendered":"Sobre"},"content":{"rendered":"<p>Se voc\u00ea tiver alguma d\u00favida sobre o Site, Publicidade e qualquer outro assunto, n\u00e3o hesite em nos contatar, estamos ansiosos para respond\u00ea-lo em nossa p\u00e1gina de contato, trabalhamos 24 horas neste campo e temos experi\u00eancia suficiente para fornecer enviar para <strong>CuriosoOlinecontato.com<\/strong><\/p>\n","protected":false},"excerpt":{"rendered":"<p>Se voc\u00ea tiver alguma d\u00favida sobre o Site, Publicidade e qualquer outro assunto, n\u00e3o hesite em nos contatar, estamos ansiosos para respond\u00ea-lo em nossa p\u00e1gina de contato, trabalhamos 24 horas neste campo e temos experi\u00eancia suficiente para fornecer enviar para CuriosoOlinecontato.com<\/p>\n","protected":false},"author":1,"featured_media":0,"parent":0,"menu_order":0,"comment_status":"closed","ping_status":"closed","template":"","meta":{"footnotes":""},"yoast_head":"<!-- This site is optimized with the Yoast SEO plugin v24.5 - https:\/\/yoast.com\/wordpress\/plugins\/seo\/ -->\n<title>Sobre - Curioso Oline<\/title>\n<meta name=\"robots\" content=\"index, follow, max-snippet:-1, max-image-preview:large, max-video-preview:-1\" \/>\n<link rel=\"canonical\" href=\"https:\/\/uou.dicasdamilly.com.br\/?page_id=8444\" \/>\n<meta property=\"og:locale\" content=\"pt_BR\" \/>\n<meta property=\"og:type\" content=\"article\" \/>\n<meta property=\"og:title\" content=\"Sobre - Curioso Oline\" \/>\n<meta property=\"og:description\" content=\"Se voc\u00ea tiver alguma d\u00favida sobre o Site, Publicidade e qualquer outro assunto, n\u00e3o hesite em nos contatar, estamos ansiosos para respond\u00ea-lo em nossa p\u00e1gina de contato, trabalhamos 24 horas neste campo e temos experi\u00eancia suficiente para fornecer enviar para CuriosoOlinecontato.com\" \/>\n<meta property=\"og:url\" content=\"https:\/\/uou.dicasdamilly.com.br\/?page_id=8444\" \/>\n<meta property=\"og:site_name\" content=\"Curioso Oline\" \/>\n<meta name=\"twitter:card\" content=\"summary_large_image\" \/>\n<script type=\"application\/ld+json\" class=\"yoast-schema-graph\">{\"@context\":\"https:\/\/schema.org\",\"@graph\":[{\"@type\":\"WebPage\",\"@id\":\"https:\/\/uou.dicasdamilly.com.br\/?page_id=8444\",\"url\":\"https:\/\/uou.dicasdamilly.com.br\/?page_id=8444\",\"name\":\"Sobre - Curioso Oline\",\"isPartOf\":{\"@id\":\"https:\/\/uou.dicasdamilly.com.br\/#website\"},\"datePublished\":\"2024-11-18T18:23:54+00:00\",\"breadcrumb\":{\"@id\":\"https:\/\/uou.dicasdamilly.com.br\/?page_id=8444#breadcrumb\"},\"inLanguage\":\"pt-BR\",\"potentialAction\":[{\"@type\":\"ReadAction\",\"target\":[\"https:\/\/uou.dicasdamilly.com.br\/?page_id=8444\"]}]},{\"@type\":\"BreadcrumbList\",\"@id\":\"https:\/\/uou.dicasdamilly.com.br\/?page_id=8444#breadcrumb\",\"itemListElement\":[{\"@type\":\"ListItem\",\"position\":1,\"name\":\"Home\",\"item\":\"https:\/\/uou.dicasdamilly.com.br\/\"},{\"@type\":\"ListItem\",\"position\":2,\"name\":\"Sobre\"}]},{\"@type\":\"WebSite\",\"@id\":\"https:\/\/uou.dicasdamilly.com.br\/#website\",\"url\":\"https:\/\/uou.dicasdamilly.com.br\/\",\"name\":\"Curioso Oline\",\"description\":\"Explorando o futuro\",\"potentialAction\":[{\"@type\":\"SearchAction\",\"target\":{\"@type\":\"EntryPoint\",\"urlTemplate\":\"https:\/\/uou.dicasdamilly.com.br\/?s={search_term_string}\"},\"query-input\":{\"@type\":\"PropertyValueSpecification\",\"valueRequired\":true,\"valueName\":\"search_term_string\"}}],\"inLanguage\":\"pt-BR\"}]}<\/script>\n<!-- \/ Yoast SEO plugin. -->","yoast_head_json":{"title":"Sobre - Curioso Oline","robots":{"index":"index","follow":"follow","max-snippet":"max-snippet:-1","max-image-preview":"max-image-preview:large","max-video-preview":"max-video-preview:-1"},"canonical":"https:\/\/uou.dicasdamilly.com.br\/?page_id=8444","og_locale":"pt_BR","og_type":"article","og_title":"Sobre - Curioso Oline","og_description":"Se voc\u00ea tiver alguma d\u00favida sobre o Site, Publicidade e qualquer outro assunto, n\u00e3o hesite em nos contatar, estamos ansiosos para respond\u00ea-lo em nossa p\u00e1gina de contato, trabalhamos 24 horas neste campo e temos experi\u00eancia suficiente para fornecer enviar para CuriosoOlinecontato.com","og_url":"https:\/\/uou.dicasdamilly.com.br\/?page_id=8444","og_site_name":"Curioso Oline","twitter_card":"summary_large_image","schema":{"@context":"https:\/\/schema.org","@graph":[{"@type":"WebPage","@id":"https:\/\/uou.dicasdamilly.com.br\/?page_id=8444","url":"https:\/\/uou.dicasdamilly.com.br\/?page_id=8444","name":"Sobre - Curioso Oline","isPartOf":{"@id":"https:\/\/uou.dicasdamilly.com.br\/#website"},"datePublished":"2024-11-18T18:23:54+00:00","breadcrumb":{"@id":"https:\/\/uou.dicasdamilly.com.br\/?page_id=8444#breadcrumb"},"inLanguage":"pt-BR","potentialAction":[{"@type":"ReadAction","target":["https:\/\/uou.dicasdamilly.com.br\/?page_id=8444"]}]},{"@type":"BreadcrumbList","@id":"https:\/\/uou.dicasdamilly.com.br\/?page_id=8444#breadcrumb","itemListElement":[{"@type":"ListItem","position":1,"name":"Home","item":"https:\/\/uou.dicasdamilly.com.br\/"},{"@type":"ListItem","position":2,"name":"Sobre"}]},{"@type":"WebSite","@id":"https:\/\/uou.dicasdamilly.com.br\/#website","url":"https:\/\/uou.dicasdamilly.com.br\/","name":"Curioso Oline","description":"Explorando o futuro","potentialAction":[{"@type":"SearchAction","target":{"@type":"EntryPoint","urlTemplate":"https:\/\/uou.dicasdamilly.com.br\/?s={search_term_string}"},"query-input":{"@type":"PropertyValueSpecification","valueRequired":true,"valueName":"search_term_string"}}],"inLanguage":"pt-BR"}]}},"_links":{"self":[{"href":"https:\/\/uou.dicasdamilly.com.br\/index.php?rest_route=\/wp\/v2\/pages\/8444"}],"collection":[{"href":"https:\/\/uou.dicasdamilly.com.br\/index.php?rest_route=\/wp\/v2\/pages"}],"about":[{"href":"https:\/\/uou.dicasdamilly.com.br\/index.php?rest_route=\/wp\/v2\/types\/page"}],"author":[{"embeddable":true,"href":"https:\/\/uou.dicasdamilly.com.br\/index.php?rest_route=\/wp\/v2\/users\/1"}],"replies":[{"embeddable":true,"href":"https:\/\/uou.dicasdamilly.com.br\/index.php?rest_route=%2Fwp%2Fv2%2Fcomments&post=8444"}],"version-history":[{"count":0,"href":"https:\/\/uou.dicasdamilly.com.br\/index.php?rest_route=\/wp\/v2\/pages\/8444\/revisions"}],"wp:attachment":[{"href":"https:\/\/uou.dicasdamilly.com.br\/index.php?rest_route=%2Fwp%2Fv2%2Fmedia&parent=8444"}],"curies":[{"name":"wp","href":"https:\/\/api.w.org\/{rel}","templated":true}]}}