{"id":8440,"date":"2024-11-18T18:23:53","date_gmt":"2024-11-18T18:23:53","guid":{"rendered":"https:\/\/uou.dicasdamilly.com.br\/?page_id=8440"},"modified":"2024-11-18T18:23:53","modified_gmt":"2024-11-18T18:23:53","slug":"politica-de-privacidade","status":"publish","type":"page","link":"https:\/\/uou.dicasdamilly.com.br\/?page_id=8440","title":{"rendered":"Pol\u00edtica de Privacidade"},"content":{"rendered":"<h2>Pol\u00edtica de privacidade para Curioso Oline<\/h2>\n<p>A Curioso Oline, acess\u00edvel em https:\/\/uou.dicasdamilly.com.br\/, uma das nossas principais prioridades \u00e9 a privacidade dos nossos visitantes. Este documento de Pol\u00edtica de Privacidade cont\u00e9m tipos de informa\u00e7\u00f5es que s\u00e3o coletadas e registradas por Curioso Oline e como as usamos.<\/p>\n<p> Se voc\u00ea tiver perguntas adicionais ou precisar de mais informa\u00e7\u00f5es sobre nossa Pol\u00edtica de Privacidade, n\u00e3o hesite em nos contatar.<\/p>\n<p> Esta Pol\u00edtica de Privacidade se aplica apenas \u00e0s nossas atividades online e \u00e9 v\u00e1lida para os visitantes do nosso site no que diz respeito \u00e0s informa\u00e7\u00f5es que eles compartilharam e \/ ou coletaram em [nome-empresa]. Esta pol\u00edtica n\u00e3o se aplica a nenhuma informa\u00e7\u00e3o coletada offline ou por meio de outros canais que n\u00e3o este site. Nossa Pol\u00edtica de Privacidade foi criada com a ajuda do e do <a href='https:\/\/www.privacypolicyonline.com\/privacy-policy-generator\/'> Gerador de Pol\u00edtica de Privacidade Gratuito <\/a>.<\/p>\n<h2>Consentimento<\/h2>\n<p>Ao usar nosso site, voc\u00ea concorda com nossa Pol\u00edtica de Privacidade e concorda com seus termos.<\/p>\n<h2>Informa\u00e7\u00f5es que coletamos<\/h2>\n<p>As informa\u00e7\u00f5es pessoais que voc\u00ea deve fornecer e os motivos pelos quais voc\u00ea deve fornec\u00ea-las ser\u00e3o esclarecidos quando solicitarmos que voc\u00ea forne\u00e7a suas informa\u00e7\u00f5es pessoais.<\/p>\n<p>Se voc\u00ea nos contatar diretamente, poderemos receber informa\u00e7\u00f5es adicionais sobre voc\u00ea, como seu nome, CuriosoOlinecontato.com, n\u00famero de telefone, o conte\u00fado da mensagem e \/ ou anexos que voc\u00ea pode nos enviar e qualquer outra informa\u00e7\u00e3o que voc\u00ea decida fornecer.<\/p>\n<p>Quando voc\u00ea se registra para uma conta, podemos pedir suas informa\u00e7\u00f5es de contato, incluindo itens como nome, Curioso Oline, endere\u00e7o, CuriosoOlinecontato.com, e n\u00famero de telefone.<\/p>\n<h2>Como usamos suas informa\u00e7\u00f5es<\/h2>\n<p>Usamos as informa\u00e7\u00f5es que coletamos de v\u00e1rias maneiras, incluindo para:<\/p>\n<ul>\n<li>Fornecer, operar e manter nosso site<\/li>\n<li>Melhore, personalize e expanda nosso webste<\/li>\n<li>Compreenda e analise como voc\u00ea usa nosso webste<\/li>\n<li>Desenvolva novos produtos, servi\u00e7os, recursos e funcionalidades<\/li>\n<li>Comunique-se com voc\u00ea, diretamente ou por meio de um de nossos parceiros, inclusive para atendimento ao cliente, para fornecer atualiza\u00e7\u00f5es e outras informa\u00e7\u00f5es relacionadas ao webste e para fins de marketing e promocionais<\/li>\n<li>Enviar e-mails para voc\u00ea<\/li>\n<li>Encontre e evite fraudes<\/li>\n<\/ul>\n<h2>Arquivos de log<\/h2>\n<p>Curioso Oline segue um procedimento padr\u00e3o de uso de arquivos de log. Esses arquivos registram os visitantes quando eles visitam sites. Todas as empresas de hospedagem fazem isso e fazem parte da an\u00e1lise dos servi\u00e7os de hospedagem. As informa\u00e7\u00f5es coletadas pelos arquivos de log incluem endere\u00e7os de protocolo de Internet (IP), tipo de navegador, provedor de servi\u00e7os de Internet (ISP), carimbo de data e hora, p\u00e1ginas de refer\u00eancia \/ sa\u00edda e possivelmente o n\u00famero de cliques. Eles n\u00e3o est\u00e3o vinculados a nenhuma informa\u00e7\u00e3o de identifica\u00e7\u00e3o pessoal. O objetivo das informa\u00e7\u00f5es \u00e9 analisar tend\u00eancias, administrar o site, rastrear o movimento dos usu\u00e1rios no site e coletar informa\u00e7\u00f5es demogr\u00e1ficas.<\/p>\n<h2>Cookies e Web Beacons<\/h2>\n<p>Como qualquer outro site,Curioso Oline usa &#8216;cookies&#8217;. Esses cookies s\u00e3o usados para armazenar informa\u00e7\u00f5es, incluindo as prefer\u00eancias dos visitantes e as p\u00e1ginas do site que o visitante acessou ou visitou. As informa\u00e7\u00f5es s\u00e3o usadas para otimizar a experi\u00eancia dos usu\u00e1rios, personalizando o conte\u00fado da nossa p\u00e1gina da web com base no tipo de navegador dos visitantes e \/ ou outras informa\u00e7\u00f5es.<\/p>\n<p>Para obter mais informa\u00e7\u00f5es gerais sobre cookies, leia <a href='https:\/\/www.cookieconsent.com\/what-are-cookies\/'> &#8216;O que s\u00e3o cookies&#8217; <\/a>.<\/p>\n<h2>Google DoubleClick DART Cookie<\/h2>\n<p>O Google \u00e9 um fornecedor terceirizado de nosso site. Ele tamb\u00e9m usa cookies, conhecidos como cookies DART, para veicular an\u00fancios aos visitantes de nosso site com base em sua visita a https:\/\/uou.dicasdamilly.com.br\/ e outros sites na Internet. No entanto, os visitantes podem optar por recusar o uso de cookies DART visitando o an\u00fancio do Google e a Pol\u00edtica de Privacidade da rede de conte\u00fado no seguinte URL &#8211; <a href='https:\/\/policies.google.com\/technologies\/ads'>https:\/\/policies.google.com\/technologies\/ads<\/a><\/p>\n<h2>Nossos parceiros de publicidade<\/h2>\n<p>Alguns anunciantes em nosso site podem usar cookies e web beacons. Nossos parceiros de publicidade est\u00e3o listados abaixo. Cada um de nossos parceiros de publicidade tem sua pr\u00f3pria Pol\u00edtica de Privacidade para suas pol\u00edticas de dados do usu\u00e1rio. Para facilitar o acesso, criamos um hiperlink para suas Pol\u00edticas de Privacidade abaixo.<\/p>\n<ul>\n<li>\n<p>Google<\/p>\n<p><a href='https:\/\/policies.google.com\/technologies\/ads'>https:\/\/policies.google.com\/technologies\/ads<\/a><\/p>\n<\/li>\n<\/ul>\n<h2>Pol\u00edticas de privacidade de parceiros de publicidade<\/h2>\n<p><P>Voc\u00ea pode consultar esta lista para encontrar a Pol\u00edtica de Privacidade de cada um dos parceiros de publicidade de Curioso Oline.<\/p>\n<p>Servidores de an\u00fancios de terceiros ou redes de an\u00fancios usam tecnologias como cookies, JavaScript ou Web Beacons que s\u00e3o usados em seus respectivos an\u00fancios e links que aparecem em [name-company, que s\u00e3o enviados diretamente para o navegador dos usu\u00e1rios. Eles recebem automaticamente o seu endere\u00e7o IP quando isso ocorre. Essas tecnologias s\u00e3o usadas para medir a efic\u00e1cia de suas campanhas publicit\u00e1rias e \/ ou personalizar o conte\u00fado publicit\u00e1rio que voc\u00ea v\u00ea nos sites que visita.<\/p>\n<p>Observe que Curioso Oline n\u00e3o tem acesso ou controle sobre esses cookies que s\u00e3o usados por anunciantes terceiros.<\/p>\n<h2>Pol\u00edticas de privacidade de terceiros<\/h2>\n<p>Curioso OlineA Pol\u00edtica de Privacidade de n\u00e3o se aplica a outros anunciantes ou sites. Assim, aconselhamos voc\u00ea a consultar as respectivas Pol\u00edticas de Privacidade desses servidores de an\u00fancios de terceiros para obter informa\u00e7\u00f5es mais detalhadas. Pode incluir suas pr\u00e1ticas e instru\u00e7\u00f5es sobre como cancelar certas op\u00e7\u00f5es.<\/p>\n<p>Voc\u00ea pode optar por desabilitar os cookies por meio das op\u00e7\u00f5es individuais do navegador. Para saber informa\u00e7\u00f5es mais detalhadas sobre o gerenciamento de cookies com navegadores da web espec\u00edficos, elas podem ser encontradas nos respectivos sites dos navegadores.<\/p>\n<h2>Direitos de privacidade CCPA (n\u00e3o vender minhas informa\u00e7\u00f5es pessoais)<\/h2>\n<p>De acordo com a CCPA, entre outros direitos, os consumidores da Calif\u00f3rnia t\u00eam o direito de:<\/p>\n<p>Solicite que uma empresa que coleta dados pessoais de um consumidor divulgue as categorias e dados pessoais espec\u00edficos que uma empresa coletou sobre os consumidores.<\/p>\n<p>Solicite que uma empresa exclua todos os dados pessoais sobre o consumidor que uma empresa coletou.<\/p>\n<p>Solicite que uma empresa que vende os dados pessoais do consumidor, n\u00e3o venda os dados pessoais do consumidor.<\/p>\n<p>Se voc\u00ea fizer uma solicita\u00e7\u00e3o, temos um m\u00eas para responder. Se voc\u00ea deseja exercer algum desses direitos, entre em contato conosco.<\/p>\n<h2>Direitos de prote\u00e7\u00e3o de dados GDPR<\/h2>\n<p>Gostar\u00edamos de ter certeza de que voc\u00ea est\u00e1 totalmente ciente de todos os seus direitos de prote\u00e7\u00e3o de dados. Cada usu\u00e1rio tem direito ao seguinte:<\/p>\n<p>O direito de acesso &#8211; voc\u00ea tem o direito de solicitar c\u00f3pias de seus dados pessoais. Podemos cobrar uma pequena taxa por este servi\u00e7o.<\/p>\n<p>O direito de retifica\u00e7\u00e3o &#8211; voc\u00ea tem o direito de solicitar que corrijamos qualquer informa\u00e7\u00e3o que voc\u00ea acredite ser imprecisa. Voc\u00ea tamb\u00e9m tem o direito de solicitar que completemos as informa\u00e7\u00f5es que voc\u00ea acredita estar incompletas.<\/p>\n<p>O direito de apagamento &#8211; Voc\u00ea tem o direito de solicitar o apagamento de seus dados pessoais, sob certas condi\u00e7\u00f5es.<\/p>\n<p>O direito de restringir o processamento &#8211; Voc\u00ea tem o direito de solicitar que restrinjamos o processamento dos seus dados pessoais, sob certas condi\u00e7\u00f5es.<\/p>\n<p>O direito de se opor ao processamento &#8211; Voc\u00ea tem o direito de se opor ao nosso processamento de seus dados pessoais, sob certas condi\u00e7\u00f5es.<\/p>\n<p>O direito \u00e0 portabilidade dos dados &#8211; Voc\u00ea tem o direito de solicitar a transfer\u00eancia dos dados que coletamos para outra organiza\u00e7\u00e3o ou diretamente para voc\u00ea, sob certas condi\u00e7\u00f5es.<\/p>\n<p>Se voc\u00ea fizer uma solicita\u00e7\u00e3o, temos um m\u00eas para responder. Se voc\u00ea deseja exercer algum desses direitos, entre em contato conosco.<\/p>\n<h2>Informa\u00e7\u00f5es infantis<\/h2>\n<p>Outra parte de nossa prioridade \u00e9 adicionar prote\u00e7\u00e3o para crian\u00e7as enquanto usam a internet. Incentivamos os pais e respons\u00e1veis \u200b\u200ba observar, participar e \/ ou monitorar e orientar suas atividades online.<\/p>\n<p>Curioso Olinen\u00e3o coleta intencionalmente nenhuma informa\u00e7\u00e3o pessoal identific\u00e1vel de crian\u00e7as menores de 13 anos. Se voc\u00ea acha que seu filho forneceu esse tipo de informa\u00e7\u00e3o em nosso site, recomendamos fortemente que voc\u00ea entre em contato conosco imediatamente e n\u00f3s o faremos envidaremos nossos melhores esfor\u00e7os para remover prontamente tais informa\u00e7\u00f5es de nossos registros.<\/p>\n","protected":false},"excerpt":{"rendered":"<p>Pol\u00edtica de privacidade para Curioso Oline A Curioso Oline, acess\u00edvel em https:\/\/uou.dicasdamilly.com.br\/, uma das nossas principais prioridades \u00e9 a privacidade dos nossos visitantes. Este documento de Pol\u00edtica de Privacidade cont\u00e9m tipos de informa\u00e7\u00f5es que s\u00e3o coletadas e registradas por Curioso Oline e como as usamos. Se voc\u00ea tiver perguntas adicionais ou precisar de mais informa\u00e7\u00f5es [&hellip;]<\/p>\n","protected":false},"author":1,"featured_media":0,"parent":0,"menu_order":0,"comment_status":"closed","ping_status":"closed","template":"","meta":{"footnotes":""},"yoast_head":"<!-- This site is optimized with the Yoast SEO plugin v24.5 - https:\/\/yoast.com\/wordpress\/plugins\/seo\/ -->\n<title>Pol\u00edtica de Privacidade - Curioso Oline<\/title>\n<meta name=\"robots\" content=\"index, follow, max-snippet:-1, max-image-preview:large, max-video-preview:-1\" \/>\n<link rel=\"canonical\" href=\"https:\/\/uou.dicasdamilly.com.br\/?page_id=8440\" \/>\n<meta property=\"og:locale\" content=\"pt_BR\" \/>\n<meta property=\"og:type\" content=\"article\" \/>\n<meta property=\"og:title\" content=\"Pol\u00edtica de Privacidade - Curioso Oline\" \/>\n<meta property=\"og:description\" content=\"Pol\u00edtica de privacidade para Curioso Oline A Curioso Oline, acess\u00edvel em https:\/\/uou.dicasdamilly.com.br\/, uma das nossas principais prioridades \u00e9 a privacidade dos nossos visitantes. Este documento de Pol\u00edtica de Privacidade cont\u00e9m tipos de informa\u00e7\u00f5es que s\u00e3o coletadas e registradas por Curioso Oline e como as usamos. Se voc\u00ea tiver perguntas adicionais ou precisar de mais informa\u00e7\u00f5es [&hellip;]\" \/>\n<meta property=\"og:url\" content=\"https:\/\/uou.dicasdamilly.com.br\/?page_id=8440\" \/>\n<meta property=\"og:site_name\" content=\"Curioso Oline\" \/>\n<meta name=\"twitter:card\" content=\"summary_large_image\" \/>\n<meta name=\"twitter:label1\" content=\"Est. tempo de leitura\" \/>\n\t<meta name=\"twitter:data1\" content=\"7 minutos\" \/>\n<script type=\"application\/ld+json\" class=\"yoast-schema-graph\">{\"@context\":\"https:\/\/schema.org\",\"@graph\":[{\"@type\":\"WebPage\",\"@id\":\"https:\/\/uou.dicasdamilly.com.br\/?page_id=8440\",\"url\":\"https:\/\/uou.dicasdamilly.com.br\/?page_id=8440\",\"name\":\"Pol\u00edtica de Privacidade - Curioso Oline\",\"isPartOf\":{\"@id\":\"https:\/\/uou.dicasdamilly.com.br\/#website\"},\"datePublished\":\"2024-11-18T18:23:53+00:00\",\"breadcrumb\":{\"@id\":\"https:\/\/uou.dicasdamilly.com.br\/?page_id=8440#breadcrumb\"},\"inLanguage\":\"pt-BR\",\"potentialAction\":[{\"@type\":\"ReadAction\",\"target\":[\"https:\/\/uou.dicasdamilly.com.br\/?page_id=8440\"]}]},{\"@type\":\"BreadcrumbList\",\"@id\":\"https:\/\/uou.dicasdamilly.com.br\/?page_id=8440#breadcrumb\",\"itemListElement\":[{\"@type\":\"ListItem\",\"position\":1,\"name\":\"Home\",\"item\":\"https:\/\/uou.dicasdamilly.com.br\/\"},{\"@type\":\"ListItem\",\"position\":2,\"name\":\"Pol\u00edtica de Privacidade\"}]},{\"@type\":\"WebSite\",\"@id\":\"https:\/\/uou.dicasdamilly.com.br\/#website\",\"url\":\"https:\/\/uou.dicasdamilly.com.br\/\",\"name\":\"Curioso Oline\",\"description\":\"Explorando o futuro\",\"potentialAction\":[{\"@type\":\"SearchAction\",\"target\":{\"@type\":\"EntryPoint\",\"urlTemplate\":\"https:\/\/uou.dicasdamilly.com.br\/?s={search_term_string}\"},\"query-input\":{\"@type\":\"PropertyValueSpecification\",\"valueRequired\":true,\"valueName\":\"search_term_string\"}}],\"inLanguage\":\"pt-BR\"}]}<\/script>\n<!-- \/ Yoast SEO plugin. -->","yoast_head_json":{"title":"Pol\u00edtica de Privacidade - Curioso Oline","robots":{"index":"index","follow":"follow","max-snippet":"max-snippet:-1","max-image-preview":"max-image-preview:large","max-video-preview":"max-video-preview:-1"},"canonical":"https:\/\/uou.dicasdamilly.com.br\/?page_id=8440","og_locale":"pt_BR","og_type":"article","og_title":"Pol\u00edtica de Privacidade - Curioso Oline","og_description":"Pol\u00edtica de privacidade para Curioso Oline A Curioso Oline, acess\u00edvel em https:\/\/uou.dicasdamilly.com.br\/, uma das nossas principais prioridades \u00e9 a privacidade dos nossos visitantes. Este documento de Pol\u00edtica de Privacidade cont\u00e9m tipos de informa\u00e7\u00f5es que s\u00e3o coletadas e registradas por Curioso Oline e como as usamos. Se voc\u00ea tiver perguntas adicionais ou precisar de mais informa\u00e7\u00f5es [&hellip;]","og_url":"https:\/\/uou.dicasdamilly.com.br\/?page_id=8440","og_site_name":"Curioso Oline","twitter_card":"summary_large_image","twitter_misc":{"Est. tempo de leitura":"7 minutos"},"schema":{"@context":"https:\/\/schema.org","@graph":[{"@type":"WebPage","@id":"https:\/\/uou.dicasdamilly.com.br\/?page_id=8440","url":"https:\/\/uou.dicasdamilly.com.br\/?page_id=8440","name":"Pol\u00edtica de Privacidade - Curioso Oline","isPartOf":{"@id":"https:\/\/uou.dicasdamilly.com.br\/#website"},"datePublished":"2024-11-18T18:23:53+00:00","breadcrumb":{"@id":"https:\/\/uou.dicasdamilly.com.br\/?page_id=8440#breadcrumb"},"inLanguage":"pt-BR","potentialAction":[{"@type":"ReadAction","target":["https:\/\/uou.dicasdamilly.com.br\/?page_id=8440"]}]},{"@type":"BreadcrumbList","@id":"https:\/\/uou.dicasdamilly.com.br\/?page_id=8440#breadcrumb","itemListElement":[{"@type":"ListItem","position":1,"name":"Home","item":"https:\/\/uou.dicasdamilly.com.br\/"},{"@type":"ListItem","position":2,"name":"Pol\u00edtica de Privacidade"}]},{"@type":"WebSite","@id":"https:\/\/uou.dicasdamilly.com.br\/#website","url":"https:\/\/uou.dicasdamilly.com.br\/","name":"Curioso Oline","description":"Explorando o futuro","potentialAction":[{"@type":"SearchAction","target":{"@type":"EntryPoint","urlTemplate":"https:\/\/uou.dicasdamilly.com.br\/?s={search_term_string}"},"query-input":{"@type":"PropertyValueSpecification","valueRequired":true,"valueName":"search_term_string"}}],"inLanguage":"pt-BR"}]}},"_links":{"self":[{"href":"https:\/\/uou.dicasdamilly.com.br\/index.php?rest_route=\/wp\/v2\/pages\/8440"}],"collection":[{"href":"https:\/\/uou.dicasdamilly.com.br\/index.php?rest_route=\/wp\/v2\/pages"}],"about":[{"href":"https:\/\/uou.dicasdamilly.com.br\/index.php?rest_route=\/wp\/v2\/types\/page"}],"author":[{"embeddable":true,"href":"https:\/\/uou.dicasdamilly.com.br\/index.php?rest_route=\/wp\/v2\/users\/1"}],"replies":[{"embeddable":true,"href":"https:\/\/uou.dicasdamilly.com.br\/index.php?rest_route=%2Fwp%2Fv2%2Fcomments&post=8440"}],"version-history":[{"count":0,"href":"https:\/\/uou.dicasdamilly.com.br\/index.php?rest_route=\/wp\/v2\/pages\/8440\/revisions"}],"wp:attachment":[{"href":"https:\/\/uou.dicasdamilly.com.br\/index.php?rest_route=%2Fwp%2Fv2%2Fmedia&parent=8440"}],"curies":[{"name":"wp","href":"https:\/\/api.w.org\/{rel}","templated":true}]}}